{"id":5511,"date":"2023-07-10T08:14:51","date_gmt":"2023-07-10T08:14:51","guid":{"rendered":"https:\/\/myartego.com\/its-color-colore-permanente-a-base-di-crema\/"},"modified":"2025-08-18T19:32:01","modified_gmt":"2025-08-18T19:32:01","slug":"its-color-cream-based-permanent-color","status":"publish","type":"product","link":"https:\/\/www.myartego.com\/it\/its-color-cream-based-permanent-color\/","title":{"rendered":"It&#8217;s Color Permanent Color Cream"},"content":{"rendered":"<p>150ml<\/p>\n<p>&nbsp;<\/p>\n<p>Copertura completa dei capelli bianchi per risultati intensi e brillanti, uniti alla massima protezione dell&#8217;integrit\u00e0 di cute e capelli. Protezione e cosmeticit\u00e0 uniche che lasciano spazio alla migliore interpretazione del colore attraverso una grande variet\u00e0 di riflessi classici e originali.<\/p>\n<h4>BENEFICI<\/h4>\n<p><strong>Colore permanente in crema <\/strong>per colori brillanti, duraturi e stabili. Massima protezione dell&#8217;integrit\u00e0 di pelle e capelli ma allo stesso tempo risultato di schiaritura fino a 4\/5 livelli con copertura del 100% dei capelli bianchi.<\/p>\n<p>Grande variet\u00e0 di sfumature classiche e originali che donano riflessi precisi e vibranti senza alcuna tonalit\u00e0 per un risultato intenso e brillante. Non cola, non macchia, non irrita e, oltre a un&#8217;applicazione precisa e visibile, \u00e8 anche facile da risciacquare.<\/p>\n","protected":false},"excerpt":{"rendered":"<p>150ml &nbsp; Copertura completa dei capelli bianchi per risultati intensi e brillanti, uniti alla massima protezione dell&#8217;integrit\u00e0 di cute e capelli. Protezione e cosmeticit\u00e0 uniche che lasciano spazio alla migliore interpretazione del colore attraverso una grande variet\u00e0 di riflessi classici e originali. BENEFICI Colore permanente in crema per colori brillanti, duraturi e stabili. Massima protezione [&hellip;]<\/p>\n","protected":false},"featured_media":4519,"comment_status":"closed","ping_status":"closed","template":"","meta":{"_acf_changed":false},"product_brand":[],"product_cat":[237,273,232],"product_tag":[],"class_list":{"0":"post-5511","1":"product","2":"type-product","3":"status-publish","4":"has-post-thumbnail","6":"product_cat-colore-capelli-professionale","7":"product_cat-its-color","8":"product_cat-prodotti","10":"first","11":"instock","12":"shipping-taxable","13":"product-type-simple"},"acf":[],"yoast_head":"<!-- This site is optimized with the Yoast SEO plugin v27.0 - https:\/\/yoast.com\/product\/yoast-seo-wordpress\/ -->\n<title>It&#039;s Color Permanent Color Cream | Art\u00e8go<\/title>\n<meta name=\"robots\" content=\"index, follow, max-snippet:-1, max-image-preview:large, max-video-preview:-1\" \/>\n<link rel=\"canonical\" href=\"https:\/\/www.myartego.com\/it\/its-color-cream-based-permanent-color\/\" \/>\n<meta property=\"og:locale\" content=\"it_IT\" \/>\n<meta property=\"og:type\" content=\"article\" \/>\n<meta property=\"og:title\" content=\"It&#039;s Color Permanent Color Cream | Art\u00e8go\" \/>\n<meta property=\"og:description\" content=\"150ml &nbsp; Copertura completa dei capelli bianchi per risultati intensi e brillanti, uniti alla massima protezione dell&#8217;integrit\u00e0 di cute e capelli. Protezione e cosmeticit\u00e0 uniche che lasciano spazio alla migliore interpretazione del colore attraverso una grande variet\u00e0 di riflessi classici e originali. BENEFICI Colore permanente in crema per colori brillanti, duraturi e stabili. Massima protezione [&hellip;]\" \/>\n<meta property=\"og:url\" content=\"https:\/\/www.myartego.com\/it\/its-color-cream-based-permanent-color\/\" \/>\n<meta property=\"og:site_name\" content=\"Art\u00e8go\" \/>\n<meta property=\"article:publisher\" content=\"https:\/\/it-it.facebook.com\/Artego.Official\/\" \/>\n<meta property=\"article:modified_time\" content=\"2025-08-18T19:32:01+00:00\" \/>\n<meta property=\"og:image\" content=\"https:\/\/www.myartego.com\/wp-content\/uploads\/2020\/09\/Artego-Its-color-pack-1.jpg\" \/>\n\t<meta property=\"og:image:width\" content=\"800\" \/>\n\t<meta property=\"og:image:height\" content=\"800\" \/>\n\t<meta property=\"og:image:type\" content=\"image\/jpeg\" \/>\n<meta name=\"twitter:card\" content=\"summary_large_image\" \/>\n<meta name=\"twitter:label1\" content=\"Tempo di lettura stimato\" \/>\n\t<meta name=\"twitter:data1\" content=\"1 minuto\" \/>\n<script type=\"application\/ld+json\" class=\"yoast-schema-graph\">{\"@context\":\"https:\/\/schema.org\",\"@graph\":[{\"@type\":\"WebPage\",\"@id\":\"https:\/\/www.myartego.com\/it\/its-color-cream-based-permanent-color\/\",\"url\":\"https:\/\/www.myartego.com\/it\/its-color-cream-based-permanent-color\/\",\"name\":\"It's Color Permanent Color Cream | Art\u00e8go\",\"isPartOf\":{\"@id\":\"https:\/\/www.myartego.com\/it\/#website\"},\"primaryImageOfPage\":{\"@id\":\"https:\/\/www.myartego.com\/it\/its-color-cream-based-permanent-color\/#primaryimage\"},\"image\":{\"@id\":\"https:\/\/www.myartego.com\/it\/its-color-cream-based-permanent-color\/#primaryimage\"},\"thumbnailUrl\":\"https:\/\/www.myartego.com\/wp-content\/uploads\/2020\/09\/Artego-Its-color-pack-1.jpg\",\"datePublished\":\"2023-07-10T08:14:51+00:00\",\"dateModified\":\"2025-08-18T19:32:01+00:00\",\"breadcrumb\":{\"@id\":\"https:\/\/www.myartego.com\/it\/its-color-cream-based-permanent-color\/#breadcrumb\"},\"inLanguage\":\"it-IT\",\"potentialAction\":[{\"@type\":\"ReadAction\",\"target\":[\"https:\/\/www.myartego.com\/it\/its-color-cream-based-permanent-color\/\"]}]},{\"@type\":\"ImageObject\",\"inLanguage\":\"it-IT\",\"@id\":\"https:\/\/www.myartego.com\/it\/its-color-cream-based-permanent-color\/#primaryimage\",\"url\":\"https:\/\/www.myartego.com\/wp-content\/uploads\/2020\/09\/Artego-Its-color-pack-1.jpg\",\"contentUrl\":\"https:\/\/www.myartego.com\/wp-content\/uploads\/2020\/09\/Artego-Its-color-pack-1.jpg\",\"width\":800,\"height\":800},{\"@type\":\"BreadcrumbList\",\"@id\":\"https:\/\/www.myartego.com\/it\/its-color-cream-based-permanent-color\/#breadcrumb\",\"itemListElement\":[{\"@type\":\"ListItem\",\"position\":1,\"name\":\"It's Color\",\"item\":\"https:\/\/www.myartego.com\/it\/its-color\/\"},{\"@type\":\"ListItem\",\"position\":2,\"name\":\"It&#8217;s Color Permanent Color Cream\"}]},{\"@type\":\"WebSite\",\"@id\":\"https:\/\/www.myartego.com\/it\/#website\",\"url\":\"https:\/\/www.myartego.com\/it\/\",\"name\":\"Art\u00e8go\",\"description\":\"\",\"publisher\":{\"@id\":\"https:\/\/www.myartego.com\/it\/#organization\"},\"potentialAction\":[{\"@type\":\"SearchAction\",\"target\":{\"@type\":\"EntryPoint\",\"urlTemplate\":\"https:\/\/www.myartego.com\/it\/?s={search_term_string}\"},\"query-input\":{\"@type\":\"PropertyValueSpecification\",\"valueRequired\":true,\"valueName\":\"search_term_string\"}}],\"inLanguage\":\"it-IT\"},{\"@type\":\"Organization\",\"@id\":\"https:\/\/www.myartego.com\/it\/#organization\",\"name\":\"Unicompany Spa\",\"url\":\"https:\/\/www.myartego.com\/it\/\",\"logo\":{\"@type\":\"ImageObject\",\"inLanguage\":\"it-IT\",\"@id\":\"https:\/\/www.myartego.com\/it\/#\/schema\/logo\/image\/\",\"url\":\"https:\/\/myartego.com\/wp-content\/uploads\/2022\/08\/Artego-Logo.jpg\",\"contentUrl\":\"https:\/\/myartego.com\/wp-content\/uploads\/2022\/08\/Artego-Logo.jpg\",\"width\":567,\"height\":567,\"caption\":\"Unicompany Spa\"},\"image\":{\"@id\":\"https:\/\/www.myartego.com\/it\/#\/schema\/logo\/image\/\"},\"sameAs\":[\"https:\/\/it-it.facebook.com\/Artego.Official\/\",\"https:\/\/www.instagram.com\/artego_official\/\"]}]}<\/script>\n<!-- \/ Yoast SEO plugin. -->","yoast_head_json":{"title":"It's Color Permanent Color Cream | Art\u00e8go","robots":{"index":"index","follow":"follow","max-snippet":"max-snippet:-1","max-image-preview":"max-image-preview:large","max-video-preview":"max-video-preview:-1"},"canonical":"https:\/\/www.myartego.com\/it\/its-color-cream-based-permanent-color\/","og_locale":"it_IT","og_type":"article","og_title":"It's Color Permanent Color Cream | Art\u00e8go","og_description":"150ml &nbsp; Copertura completa dei capelli bianchi per risultati intensi e brillanti, uniti alla massima protezione dell&#8217;integrit\u00e0 di cute e capelli. Protezione e cosmeticit\u00e0 uniche che lasciano spazio alla migliore interpretazione del colore attraverso una grande variet\u00e0 di riflessi classici e originali. BENEFICI Colore permanente in crema per colori brillanti, duraturi e stabili. Massima protezione [&hellip;]","og_url":"https:\/\/www.myartego.com\/it\/its-color-cream-based-permanent-color\/","og_site_name":"Art\u00e8go","article_publisher":"https:\/\/it-it.facebook.com\/Artego.Official\/","article_modified_time":"2025-08-18T19:32:01+00:00","og_image":[{"width":800,"height":800,"url":"https:\/\/www.myartego.com\/wp-content\/uploads\/2020\/09\/Artego-Its-color-pack-1.jpg","type":"image\/jpeg"}],"twitter_card":"summary_large_image","twitter_misc":{"Tempo di lettura stimato":"1 minuto"},"schema":{"@context":"https:\/\/schema.org","@graph":[{"@type":"WebPage","@id":"https:\/\/www.myartego.com\/it\/its-color-cream-based-permanent-color\/","url":"https:\/\/www.myartego.com\/it\/its-color-cream-based-permanent-color\/","name":"It's Color Permanent Color Cream | Art\u00e8go","isPartOf":{"@id":"https:\/\/www.myartego.com\/it\/#website"},"primaryImageOfPage":{"@id":"https:\/\/www.myartego.com\/it\/its-color-cream-based-permanent-color\/#primaryimage"},"image":{"@id":"https:\/\/www.myartego.com\/it\/its-color-cream-based-permanent-color\/#primaryimage"},"thumbnailUrl":"https:\/\/www.myartego.com\/wp-content\/uploads\/2020\/09\/Artego-Its-color-pack-1.jpg","datePublished":"2023-07-10T08:14:51+00:00","dateModified":"2025-08-18T19:32:01+00:00","breadcrumb":{"@id":"https:\/\/www.myartego.com\/it\/its-color-cream-based-permanent-color\/#breadcrumb"},"inLanguage":"it-IT","potentialAction":[{"@type":"ReadAction","target":["https:\/\/www.myartego.com\/it\/its-color-cream-based-permanent-color\/"]}]},{"@type":"ImageObject","inLanguage":"it-IT","@id":"https:\/\/www.myartego.com\/it\/its-color-cream-based-permanent-color\/#primaryimage","url":"https:\/\/www.myartego.com\/wp-content\/uploads\/2020\/09\/Artego-Its-color-pack-1.jpg","contentUrl":"https:\/\/www.myartego.com\/wp-content\/uploads\/2020\/09\/Artego-Its-color-pack-1.jpg","width":800,"height":800},{"@type":"BreadcrumbList","@id":"https:\/\/www.myartego.com\/it\/its-color-cream-based-permanent-color\/#breadcrumb","itemListElement":[{"@type":"ListItem","position":1,"name":"It's Color","item":"https:\/\/www.myartego.com\/it\/its-color\/"},{"@type":"ListItem","position":2,"name":"It&#8217;s Color Permanent Color Cream"}]},{"@type":"WebSite","@id":"https:\/\/www.myartego.com\/it\/#website","url":"https:\/\/www.myartego.com\/it\/","name":"Art\u00e8go","description":"","publisher":{"@id":"https:\/\/www.myartego.com\/it\/#organization"},"potentialAction":[{"@type":"SearchAction","target":{"@type":"EntryPoint","urlTemplate":"https:\/\/www.myartego.com\/it\/?s={search_term_string}"},"query-input":{"@type":"PropertyValueSpecification","valueRequired":true,"valueName":"search_term_string"}}],"inLanguage":"it-IT"},{"@type":"Organization","@id":"https:\/\/www.myartego.com\/it\/#organization","name":"Unicompany Spa","url":"https:\/\/www.myartego.com\/it\/","logo":{"@type":"ImageObject","inLanguage":"it-IT","@id":"https:\/\/www.myartego.com\/it\/#\/schema\/logo\/image\/","url":"https:\/\/myartego.com\/wp-content\/uploads\/2022\/08\/Artego-Logo.jpg","contentUrl":"https:\/\/myartego.com\/wp-content\/uploads\/2022\/08\/Artego-Logo.jpg","width":567,"height":567,"caption":"Unicompany Spa"},"image":{"@id":"https:\/\/www.myartego.com\/it\/#\/schema\/logo\/image\/"},"sameAs":["https:\/\/it-it.facebook.com\/Artego.Official\/","https:\/\/www.instagram.com\/artego_official\/"]}]}},"_links":{"self":[{"href":"https:\/\/www.myartego.com\/it\/wp-json\/wp\/v2\/product\/5511","targetHints":{"allow":["GET"]}}],"collection":[{"href":"https:\/\/www.myartego.com\/it\/wp-json\/wp\/v2\/product"}],"about":[{"href":"https:\/\/www.myartego.com\/it\/wp-json\/wp\/v2\/types\/product"}],"replies":[{"embeddable":true,"href":"https:\/\/www.myartego.com\/it\/wp-json\/wp\/v2\/comments?post=5511"}],"wp:featuredmedia":[{"embeddable":true,"href":"https:\/\/www.myartego.com\/it\/wp-json\/wp\/v2\/media\/4519"}],"wp:attachment":[{"href":"https:\/\/www.myartego.com\/it\/wp-json\/wp\/v2\/media?parent=5511"}],"wp:term":[{"taxonomy":"product_brand","embeddable":true,"href":"https:\/\/www.myartego.com\/it\/wp-json\/wp\/v2\/product_brand?post=5511"},{"taxonomy":"product_cat","embeddable":true,"href":"https:\/\/www.myartego.com\/it\/wp-json\/wp\/v2\/product_cat?post=5511"},{"taxonomy":"product_tag","embeddable":true,"href":"https:\/\/www.myartego.com\/it\/wp-json\/wp\/v2\/product_tag?post=5511"}],"curies":[{"name":"wp","href":"https:\/\/api.w.org\/{rel}","templated":true}]}}