{"id":6399,"date":"2025-04-28T10:27:09","date_gmt":"2025-04-28T10:27:09","guid":{"rendered":"https:\/\/www.myartego.com\/?page_id=6399"},"modified":"2025-10-29T10:23:06","modified_gmt":"2025-10-29T10:23:06","slug":"beyond-the-care","status":"publish","type":"page","link":"https:\/\/www.myartego.com\/it\/beyond-the-care\/","title":{"rendered":"Beyond the care"},"content":{"rendered":"","protected":false},"excerpt":{"rendered":"","protected":false},"author":9,"featured_media":0,"parent":0,"menu_order":0,"comment_status":"closed","ping_status":"closed","template":"landing.php","meta":{"_acf_changed":false,"footnotes":""},"class_list":["post-6399","page","type-page","status-publish","hentry"],"acf":[],"yoast_head":"<!-- This site is optimized with the Yoast SEO plugin v27.0 - https:\/\/yoast.com\/product\/yoast-seo-wordpress\/ -->\n<title>Beyond the care | Art\u00e8go<\/title>\n<meta name=\"description\" content=\"&quot;Beyond the Care&quot; \u00e8 il programma di sostenibilit\u00e0 di Art\u00e8go, nato per promuovere un Benessere collettivo orientato al futuro.\" \/>\n<meta name=\"robots\" content=\"index, follow, max-snippet:-1, max-image-preview:large, max-video-preview:-1\" \/>\n<link rel=\"canonical\" href=\"https:\/\/www.myartego.com\/it\/beyond-the-care\/\" \/>\n<meta property=\"og:locale\" content=\"it_IT\" \/>\n<meta property=\"og:type\" content=\"article\" \/>\n<meta property=\"og:title\" content=\"Beyond the care | Art\u00e8go\" \/>\n<meta property=\"og:description\" content=\"&quot;Beyond the Care&quot; \u00e8 il programma di sostenibilit\u00e0 di Art\u00e8go, nato per promuovere un Benessere collettivo orientato al futuro.\" \/>\n<meta property=\"og:url\" content=\"https:\/\/www.myartego.com\/it\/beyond-the-care\/\" \/>\n<meta property=\"og:site_name\" content=\"Art\u00e8go\" \/>\n<meta property=\"article:publisher\" content=\"https:\/\/it-it.facebook.com\/Artego.Official\/\" \/>\n<meta property=\"article:modified_time\" content=\"2025-10-29T10:23:06+00:00\" \/>\n<meta name=\"twitter:card\" content=\"summary_large_image\" \/>\n<script type=\"application\/ld+json\" class=\"yoast-schema-graph\">{\"@context\":\"https:\/\/schema.org\",\"@graph\":[{\"@type\":\"WebPage\",\"@id\":\"https:\/\/www.myartego.com\/it\/beyond-the-care\/\",\"url\":\"https:\/\/www.myartego.com\/it\/beyond-the-care\/\",\"name\":\"Beyond the care | Art\u00e8go\",\"isPartOf\":{\"@id\":\"https:\/\/www.myartego.com\/it\/#website\"},\"datePublished\":\"2025-04-28T10:27:09+00:00\",\"dateModified\":\"2025-10-29T10:23:06+00:00\",\"description\":\"\\\"Beyond the Care\\\" \u00e8 il programma di sostenibilit\u00e0 di Art\u00e8go, nato per promuovere un Benessere collettivo orientato al futuro.\",\"inLanguage\":\"it-IT\",\"potentialAction\":[{\"@type\":\"ReadAction\",\"target\":[\"https:\/\/www.myartego.com\/it\/beyond-the-care\/\"]}]},{\"@type\":\"WebSite\",\"@id\":\"https:\/\/www.myartego.com\/it\/#website\",\"url\":\"https:\/\/www.myartego.com\/it\/\",\"name\":\"Art\u00e8go\",\"description\":\"\",\"publisher\":{\"@id\":\"https:\/\/www.myartego.com\/it\/#organization\"},\"potentialAction\":[{\"@type\":\"SearchAction\",\"target\":{\"@type\":\"EntryPoint\",\"urlTemplate\":\"https:\/\/www.myartego.com\/it\/?s={search_term_string}\"},\"query-input\":{\"@type\":\"PropertyValueSpecification\",\"valueRequired\":true,\"valueName\":\"search_term_string\"}}],\"inLanguage\":\"it-IT\"},{\"@type\":\"Organization\",\"@id\":\"https:\/\/www.myartego.com\/it\/#organization\",\"name\":\"Unicompany Spa\",\"url\":\"https:\/\/www.myartego.com\/it\/\",\"logo\":{\"@type\":\"ImageObject\",\"inLanguage\":\"it-IT\",\"@id\":\"https:\/\/www.myartego.com\/it\/#\/schema\/logo\/image\/\",\"url\":\"https:\/\/myartego.com\/wp-content\/uploads\/2022\/08\/Artego-Logo.jpg\",\"contentUrl\":\"https:\/\/myartego.com\/wp-content\/uploads\/2022\/08\/Artego-Logo.jpg\",\"width\":567,\"height\":567,\"caption\":\"Unicompany Spa\"},\"image\":{\"@id\":\"https:\/\/www.myartego.com\/it\/#\/schema\/logo\/image\/\"},\"sameAs\":[\"https:\/\/it-it.facebook.com\/Artego.Official\/\",\"https:\/\/www.instagram.com\/artego_official\/\"]}]}<\/script>\n<!-- \/ Yoast SEO plugin. -->","yoast_head_json":{"title":"Beyond the care | Art\u00e8go","description":"\"Beyond the Care\" \u00e8 il programma di sostenibilit\u00e0 di Art\u00e8go, nato per promuovere un Benessere collettivo orientato al futuro.","robots":{"index":"index","follow":"follow","max-snippet":"max-snippet:-1","max-image-preview":"max-image-preview:large","max-video-preview":"max-video-preview:-1"},"canonical":"https:\/\/www.myartego.com\/it\/beyond-the-care\/","og_locale":"it_IT","og_type":"article","og_title":"Beyond the care | Art\u00e8go","og_description":"\"Beyond the Care\" \u00e8 il programma di sostenibilit\u00e0 di Art\u00e8go, nato per promuovere un Benessere collettivo orientato al futuro.","og_url":"https:\/\/www.myartego.com\/it\/beyond-the-care\/","og_site_name":"Art\u00e8go","article_publisher":"https:\/\/it-it.facebook.com\/Artego.Official\/","article_modified_time":"2025-10-29T10:23:06+00:00","twitter_card":"summary_large_image","schema":{"@context":"https:\/\/schema.org","@graph":[{"@type":"WebPage","@id":"https:\/\/www.myartego.com\/it\/beyond-the-care\/","url":"https:\/\/www.myartego.com\/it\/beyond-the-care\/","name":"Beyond the care | Art\u00e8go","isPartOf":{"@id":"https:\/\/www.myartego.com\/it\/#website"},"datePublished":"2025-04-28T10:27:09+00:00","dateModified":"2025-10-29T10:23:06+00:00","description":"\"Beyond the Care\" \u00e8 il programma di sostenibilit\u00e0 di Art\u00e8go, nato per promuovere un Benessere collettivo orientato al futuro.","inLanguage":"it-IT","potentialAction":[{"@type":"ReadAction","target":["https:\/\/www.myartego.com\/it\/beyond-the-care\/"]}]},{"@type":"WebSite","@id":"https:\/\/www.myartego.com\/it\/#website","url":"https:\/\/www.myartego.com\/it\/","name":"Art\u00e8go","description":"","publisher":{"@id":"https:\/\/www.myartego.com\/it\/#organization"},"potentialAction":[{"@type":"SearchAction","target":{"@type":"EntryPoint","urlTemplate":"https:\/\/www.myartego.com\/it\/?s={search_term_string}"},"query-input":{"@type":"PropertyValueSpecification","valueRequired":true,"valueName":"search_term_string"}}],"inLanguage":"it-IT"},{"@type":"Organization","@id":"https:\/\/www.myartego.com\/it\/#organization","name":"Unicompany Spa","url":"https:\/\/www.myartego.com\/it\/","logo":{"@type":"ImageObject","inLanguage":"it-IT","@id":"https:\/\/www.myartego.com\/it\/#\/schema\/logo\/image\/","url":"https:\/\/myartego.com\/wp-content\/uploads\/2022\/08\/Artego-Logo.jpg","contentUrl":"https:\/\/myartego.com\/wp-content\/uploads\/2022\/08\/Artego-Logo.jpg","width":567,"height":567,"caption":"Unicompany Spa"},"image":{"@id":"https:\/\/www.myartego.com\/it\/#\/schema\/logo\/image\/"},"sameAs":["https:\/\/it-it.facebook.com\/Artego.Official\/","https:\/\/www.instagram.com\/artego_official\/"]}]}},"_links":{"self":[{"href":"https:\/\/www.myartego.com\/it\/wp-json\/wp\/v2\/pages\/6399","targetHints":{"allow":["GET"]}}],"collection":[{"href":"https:\/\/www.myartego.com\/it\/wp-json\/wp\/v2\/pages"}],"about":[{"href":"https:\/\/www.myartego.com\/it\/wp-json\/wp\/v2\/types\/page"}],"author":[{"embeddable":true,"href":"https:\/\/www.myartego.com\/it\/wp-json\/wp\/v2\/users\/9"}],"replies":[{"embeddable":true,"href":"https:\/\/www.myartego.com\/it\/wp-json\/wp\/v2\/comments?post=6399"}],"version-history":[{"count":0,"href":"https:\/\/www.myartego.com\/it\/wp-json\/wp\/v2\/pages\/6399\/revisions"}],"wp:attachment":[{"href":"https:\/\/www.myartego.com\/it\/wp-json\/wp\/v2\/media?parent=6399"}],"curies":[{"name":"wp","href":"https:\/\/api.w.org\/{rel}","templated":true}]}}